{"id":10601,"date":"2024-07-11T14:26:02","date_gmt":"2024-07-11T12:26:02","guid":{"rendered":"https:\/\/vinum-distribution.it\/wein-werk\/"},"modified":"2025-04-08T11:21:09","modified_gmt":"2025-04-08T09:21:09","slug":"wein-werk","status":"publish","type":"page","link":"https:\/\/vinum-distribution.it\/it\/wein-werk\/","title":{"rendered":"Wein.Werk"},"content":{"rendered":"\t\t<div data-elementor-type=\"wp-page\" data-elementor-id=\"10601\" class=\"elementor elementor-10601 elementor-8049\" data-elementor-post-type=\"page\">\n\t\t\t\t<div class=\"elementor-element elementor-element-81e6e18 e-con-full elementor-hidden-tablet elementor-hidden-mobile e-flex e-con e-child\" data-id=\"81e6e18\" data-element_type=\"container\" data-settings=\"{&quot;background_background&quot;:&quot;classic&quot;}\">\n\t\t\t\t<div class=\"elementor-element elementor-element-a28e8f1 elementor-widget elementor-widget-image\" data-id=\"a28e8f1\" data-element_type=\"widget\" data-widget_type=\"image.default\">\n\t\t\t\t\t\t\t\t\t\t\t\t\t\t\t<img decoding=\"async\" width=\"1\" height=\"1\" src=\"https:\/\/vinum-distribution.it\/wp-content\/uploads\/weinwerk-logo-weiss.svg\" class=\"attachment-full size-full wp-image-8477\" alt=\"\" \/>\t\t\t\t\t\t\t\t\t\t\t\t\t\t\t<\/div>\n\t\t\t\t<\/div>\n\t\t<div class=\"elementor-element elementor-element-f50c6fe e-con-full elementor-hidden-desktop elementor-hidden-laptop e-flex e-con e-child\" data-id=\"f50c6fe\" data-element_type=\"container\" data-settings=\"{&quot;background_background&quot;:&quot;classic&quot;}\">\n\t\t\t\t<div class=\"elementor-element elementor-element-ebb4b5e elementor-widget elementor-widget-image\" data-id=\"ebb4b5e\" data-element_type=\"widget\" data-widget_type=\"image.default\">\n\t\t\t\t\t\t\t\t\t\t\t\t\t\t\t<img decoding=\"async\" width=\"1\" height=\"1\" src=\"https:\/\/vinum-distribution.it\/wp-content\/uploads\/weinwerk-logo-weiss.svg\" class=\"attachment-full size-full wp-image-8477\" alt=\"\" \/>\t\t\t\t\t\t\t\t\t\t\t\t\t\t\t<\/div>\n\t\t\t\t<\/div>\n\t\t<div class=\"elementor-element elementor-element-09e372d e-flex e-con-boxed e-con e-parent\" data-id=\"09e372d\" data-element_type=\"container\">\n\t\t\t\t\t<div class=\"e-con-inner\">\n\t\t\t\t<div class=\"elementor-element elementor-element-476b4ea elementor-widget elementor-widget-heading\" data-id=\"476b4ea\" data-element_type=\"widget\" data-widget_type=\"heading.default\">\n\t\t\t\t\t<h1 class=\"elementor-heading-title elementor-size-default\">Enologo<br> con ideali<\/h1>\t\t\t\t<\/div>\n\t\t\t\t<div class=\"elementor-element elementor-element-55d683a elementor-widget__width-initial elementor-widget-tablet__width-inherit elementor-widget-laptop__width-inherit elementor-widget-mobile__width-inherit elementor-widget elementor-widget-text-editor\" data-id=\"55d683a\" data-element_type=\"widget\" data-widget_type=\"text-editor.default\">\n\t\t\t\t\t\t\t\t\t<p>Dalla potatura delle viti in inverno all\u2019impegno per proteggerle dalle brinate primaverili, dalla scacchiatura nei mesi estivi fino alla vendemmia in autunno: un\u2019intera esistenza scandita dai ritmi della vigna. Anche il suo prezioso frutto non \u00e8 solo il risultato di tanto duro lavoro: si tratta dell\u2019opera di una vita.\u00a0\u00c8 proprio ispirandosi al termine tedesco \u201cLebensWERK\u201d che nasce il progetto Wein.Werk.<\/p><p><br \/>I suoi protagonisti sono ostinati, individualisti, sperimentatori, ribelli del vino e pionieri del biologico, accomunati dall\u2019amore per l\u2019artigianalit\u00e0, dalla centralit\u00e0 del terroir con la sua personalit\u00e0, dall\u2019approccio consapevole e rispettoso nei confronti della natura.<\/p>\t\t\t\t\t\t\t\t<\/div>\n\t\t\t\t\t<\/div>\n\t\t\t\t<\/div>\n\t\t<div class=\"elementor-element elementor-element-1aa7f33 e-flex e-con-boxed e-con e-parent\" data-id=\"1aa7f33\" data-element_type=\"container\">\n\t\t\t\t\t<div class=\"e-con-inner\">\n\t\t<div class=\"elementor-element elementor-element-b1eb3d3 e-con-full e-flex e-con e-child\" data-id=\"b1eb3d3\" data-element_type=\"container\">\n\t\t\t\t<div class=\"elementor-element elementor-element-be8fc42 elementor-cta--skin-cover elementor-cta--valign-bottom elementor-widget__width-initial elementor-widget-tablet__width-initial elementor-widget-mobile__width-inherit elementor-widget elementor-widget-call-to-action\" data-id=\"be8fc42\" data-element_type=\"widget\" data-widget_type=\"call-to-action.default\">\n\t\t\t\t\t\t\t<a class=\"elementor-cta\" href=\"https:\/\/vinum-distribution.it\/wp-content\/uploads\/Weinwerk-2024-Suedtirol-Doppelseiten.pdf\" target=\"_blank\">\n\t\t\t\t\t<div class=\"elementor-cta__bg-wrapper\">\n\t\t\t\t<div class=\"elementor-cta__bg elementor-bg\" style=\"background-image: url(https:\/\/vinum-distribution.it\/wp-content\/uploads\/Bildschirmfoto-2023-04-12-um-16.38-1.jpg);\" role=\"img\" aria-label=\"Bildschirmfoto 2023-04-12 um 16.38 1\"><\/div>\n\t\t\t\t<div class=\"elementor-cta__bg-overlay\"><\/div>\n\t\t\t<\/div>\n\t\t\t\t\t\t\t<div class=\"elementor-cta__content\">\n\t\t\t\t\n\t\t\t\t\n\t\t\t\t\n\t\t\t\t\t\t\t\t\t<div class=\"elementor-cta__button-wrapper elementor-cta__content-item elementor-content-item \">\n\t\t\t\t\t<span class=\"elementor-cta__button elementor-button elementor-size-\">\n\t\t\t\t\t\tLeggi\t\t\t\t\t<\/span>\n\t\t\t\t\t<\/div>\n\t\t\t\t\t\t\t<\/div>\n\t\t\t\t\t\t<\/a>\n\t\t\t\t\t\t<\/div>\n\t\t\t\t<\/div>\n\t\t<div class=\"elementor-element elementor-element-3ea26bc e-con-full e-flex e-con e-child\" data-id=\"3ea26bc\" data-element_type=\"container\">\n\t\t\t\t<div class=\"elementor-element elementor-element-93bf04c elementor-widget__width-initial elementor-widget-tablet__width-inherit elementor-widget-mobile__width-initial elementor-widget elementor-widget-text-editor\" data-id=\"93bf04c\" data-element_type=\"widget\" data-widget_type=\"text-editor.default\">\n\t\t\t\t\t\t\t\t\t<p>Il nome Wein.Werk riunisce quanto di meglio possa desiderare chi ama esplorare il mondo dei vini: dagli intramontabili bianchi classici della val d\u2019Isarco ai vini naturali e schietti dell\u2019Oltradige, fino alle piccolissime realt\u00e0 in edizione limitata della val Venosta.<\/p>\t\t\t\t\t\t\t\t<\/div>\n\t\t\t\t<\/div>\n\t\t\t\t\t<\/div>\n\t\t\t\t<\/div>\n\t\t\t\t<\/div>\n\t\t","protected":false},"excerpt":{"rendered":"<p>Enologo con ideali Dalla potatura delle viti in inverno all\u2019impegno per proteggerle dalle brinate primaverili, dalla scacchiatura nei mesi estivi fino alla vendemmia in autunno: un\u2019intera esistenza scandita dai ritmi della vigna. Anche il suo prezioso frutto non \u00e8 solo il risultato di tanto duro lavoro: si tratta dell\u2019opera di una vita.\u00a0\u00c8 proprio ispirandosi al [&hellip;]<\/p>\n","protected":false},"author":2,"featured_media":0,"parent":0,"menu_order":0,"comment_status":"closed","ping_status":"closed","template":"","meta":{"inline_featured_image":false,"footnotes":""},"class_list":["post-10601","page","type-page","status-publish","hentry"],"yoast_head":"<!-- This site is optimized with the Yoast SEO plugin v24.8.1 - https:\/\/yoast.com\/wordpress\/plugins\/seo\/ -->\n<title>Wein.Werk - Vinum S\u00fcdtirol<\/title>\n<meta name=\"robots\" content=\"index, follow, max-snippet:-1, max-image-preview:large, max-video-preview:-1\" \/>\n<link rel=\"canonical\" href=\"https:\/\/vinum-distribution.it\/it\/wein-werk\/\" \/>\n<meta property=\"og:locale\" content=\"it_IT\" \/>\n<meta property=\"og:type\" content=\"article\" \/>\n<meta property=\"og:title\" content=\"Wein.Werk - Vinum S\u00fcdtirol\" \/>\n<meta property=\"og:description\" content=\"Enologo con ideali Dalla potatura delle viti in inverno all\u2019impegno per proteggerle dalle brinate primaverili, dalla scacchiatura nei mesi estivi fino alla vendemmia in autunno: un\u2019intera esistenza scandita dai ritmi della vigna. Anche il suo prezioso frutto non \u00e8 solo il risultato di tanto duro lavoro: si tratta dell\u2019opera di una vita.\u00a0\u00c8 proprio ispirandosi al [&hellip;]\" \/>\n<meta property=\"og:url\" content=\"https:\/\/vinum-distribution.it\/it\/wein-werk\/\" \/>\n<meta property=\"og:site_name\" content=\"Vinum S\u00fcdtirol\" \/>\n<meta property=\"article:publisher\" content=\"https:\/\/www.facebook.com\/vinumitaly\" \/>\n<meta property=\"article:modified_time\" content=\"2025-04-08T09:21:09+00:00\" \/>\n<meta name=\"twitter:card\" content=\"summary_large_image\" \/>\n<meta name=\"twitter:label1\" content=\"Tempo di lettura stimato\" \/>\n\t<meta name=\"twitter:data1\" content=\"1 minuto\" \/>\n<script type=\"application\/ld+json\" class=\"yoast-schema-graph\">{\"@context\":\"https:\/\/schema.org\",\"@graph\":[{\"@type\":\"WebPage\",\"@id\":\"https:\/\/vinum-distribution.it\/it\/wein-werk\/\",\"url\":\"https:\/\/vinum-distribution.it\/it\/wein-werk\/\",\"name\":\"Wein.Werk - Vinum S\u00fcdtirol\",\"isPartOf\":{\"@id\":\"https:\/\/vinum-distribution.it\/it\/#website\"},\"primaryImageOfPage\":{\"@id\":\"https:\/\/vinum-distribution.it\/it\/wein-werk\/#primaryimage\"},\"image\":{\"@id\":\"https:\/\/vinum-distribution.it\/it\/wein-werk\/#primaryimage\"},\"thumbnailUrl\":\"https:\/\/vinum-distribution.it\/wp-content\/uploads\/weinwerk-logo-weiss.svg\",\"datePublished\":\"2024-07-11T12:26:02+00:00\",\"dateModified\":\"2025-04-08T09:21:09+00:00\",\"breadcrumb\":{\"@id\":\"https:\/\/vinum-distribution.it\/it\/wein-werk\/#breadcrumb\"},\"inLanguage\":\"it-IT\",\"potentialAction\":[{\"@type\":\"ReadAction\",\"target\":[\"https:\/\/vinum-distribution.it\/it\/wein-werk\/\"]}]},{\"@type\":\"ImageObject\",\"inLanguage\":\"it-IT\",\"@id\":\"https:\/\/vinum-distribution.it\/it\/wein-werk\/#primaryimage\",\"url\":\"https:\/\/vinum-distribution.it\/wp-content\/uploads\/weinwerk-logo-weiss.svg\",\"contentUrl\":\"https:\/\/vinum-distribution.it\/wp-content\/uploads\/weinwerk-logo-weiss.svg\"},{\"@type\":\"BreadcrumbList\",\"@id\":\"https:\/\/vinum-distribution.it\/it\/wein-werk\/#breadcrumb\",\"itemListElement\":[{\"@type\":\"ListItem\",\"position\":1,\"name\":\"Home\",\"item\":\"https:\/\/vinum-distribution.it\/it\/\"},{\"@type\":\"ListItem\",\"position\":2,\"name\":\"Wein.Werk\"}]},{\"@type\":\"WebSite\",\"@id\":\"https:\/\/vinum-distribution.it\/it\/#website\",\"url\":\"https:\/\/vinum-distribution.it\/it\/\",\"name\":\"Vinum\",\"description\":\"Weindiele\",\"publisher\":{\"@id\":\"https:\/\/vinum-distribution.it\/it\/#organization\"},\"potentialAction\":[{\"@type\":\"SearchAction\",\"target\":{\"@type\":\"EntryPoint\",\"urlTemplate\":\"https:\/\/vinum-distribution.it\/it\/?s={search_term_string}\"},\"query-input\":{\"@type\":\"PropertyValueSpecification\",\"valueRequired\":true,\"valueName\":\"search_term_string\"}}],\"inLanguage\":\"it-IT\"},{\"@type\":\"Organization\",\"@id\":\"https:\/\/vinum-distribution.it\/it\/#organization\",\"name\":\"Vinum\",\"url\":\"https:\/\/vinum-distribution.it\/it\/\",\"logo\":{\"@type\":\"ImageObject\",\"inLanguage\":\"it-IT\",\"@id\":\"https:\/\/vinum-distribution.it\/it\/#\/schema\/logo\/image\/\",\"url\":\"https:\/\/vinum-distribution.it\/wp-content\/uploads\/vinum-logo.svg\",\"contentUrl\":\"https:\/\/vinum-distribution.it\/wp-content\/uploads\/vinum-logo.svg\",\"width\":225,\"height\":77,\"caption\":\"Vinum\"},\"image\":{\"@id\":\"https:\/\/vinum-distribution.it\/it\/#\/schema\/logo\/image\/\"},\"sameAs\":[\"https:\/\/www.facebook.com\/vinumitaly\",\"https:\/\/www.instagram.com\/vinum.italy\/\"]}]}<\/script>\n<!-- \/ Yoast SEO plugin. -->","yoast_head_json":{"title":"Wein.Werk - Vinum S\u00fcdtirol","robots":{"index":"index","follow":"follow","max-snippet":"max-snippet:-1","max-image-preview":"max-image-preview:large","max-video-preview":"max-video-preview:-1"},"canonical":"https:\/\/vinum-distribution.it\/it\/wein-werk\/","og_locale":"it_IT","og_type":"article","og_title":"Wein.Werk - Vinum S\u00fcdtirol","og_description":"Enologo con ideali Dalla potatura delle viti in inverno all\u2019impegno per proteggerle dalle brinate primaverili, dalla scacchiatura nei mesi estivi fino alla vendemmia in autunno: un\u2019intera esistenza scandita dai ritmi della vigna. Anche il suo prezioso frutto non \u00e8 solo il risultato di tanto duro lavoro: si tratta dell\u2019opera di una vita.\u00a0\u00c8 proprio ispirandosi al [&hellip;]","og_url":"https:\/\/vinum-distribution.it\/it\/wein-werk\/","og_site_name":"Vinum S\u00fcdtirol","article_publisher":"https:\/\/www.facebook.com\/vinumitaly","article_modified_time":"2025-04-08T09:21:09+00:00","twitter_card":"summary_large_image","twitter_misc":{"Tempo di lettura stimato":"1 minuto"},"schema":{"@context":"https:\/\/schema.org","@graph":[{"@type":"WebPage","@id":"https:\/\/vinum-distribution.it\/it\/wein-werk\/","url":"https:\/\/vinum-distribution.it\/it\/wein-werk\/","name":"Wein.Werk - Vinum S\u00fcdtirol","isPartOf":{"@id":"https:\/\/vinum-distribution.it\/it\/#website"},"primaryImageOfPage":{"@id":"https:\/\/vinum-distribution.it\/it\/wein-werk\/#primaryimage"},"image":{"@id":"https:\/\/vinum-distribution.it\/it\/wein-werk\/#primaryimage"},"thumbnailUrl":"https:\/\/vinum-distribution.it\/wp-content\/uploads\/weinwerk-logo-weiss.svg","datePublished":"2024-07-11T12:26:02+00:00","dateModified":"2025-04-08T09:21:09+00:00","breadcrumb":{"@id":"https:\/\/vinum-distribution.it\/it\/wein-werk\/#breadcrumb"},"inLanguage":"it-IT","potentialAction":[{"@type":"ReadAction","target":["https:\/\/vinum-distribution.it\/it\/wein-werk\/"]}]},{"@type":"ImageObject","inLanguage":"it-IT","@id":"https:\/\/vinum-distribution.it\/it\/wein-werk\/#primaryimage","url":"https:\/\/vinum-distribution.it\/wp-content\/uploads\/weinwerk-logo-weiss.svg","contentUrl":"https:\/\/vinum-distribution.it\/wp-content\/uploads\/weinwerk-logo-weiss.svg"},{"@type":"BreadcrumbList","@id":"https:\/\/vinum-distribution.it\/it\/wein-werk\/#breadcrumb","itemListElement":[{"@type":"ListItem","position":1,"name":"Home","item":"https:\/\/vinum-distribution.it\/it\/"},{"@type":"ListItem","position":2,"name":"Wein.Werk"}]},{"@type":"WebSite","@id":"https:\/\/vinum-distribution.it\/it\/#website","url":"https:\/\/vinum-distribution.it\/it\/","name":"Vinum","description":"Weindiele","publisher":{"@id":"https:\/\/vinum-distribution.it\/it\/#organization"},"potentialAction":[{"@type":"SearchAction","target":{"@type":"EntryPoint","urlTemplate":"https:\/\/vinum-distribution.it\/it\/?s={search_term_string}"},"query-input":{"@type":"PropertyValueSpecification","valueRequired":true,"valueName":"search_term_string"}}],"inLanguage":"it-IT"},{"@type":"Organization","@id":"https:\/\/vinum-distribution.it\/it\/#organization","name":"Vinum","url":"https:\/\/vinum-distribution.it\/it\/","logo":{"@type":"ImageObject","inLanguage":"it-IT","@id":"https:\/\/vinum-distribution.it\/it\/#\/schema\/logo\/image\/","url":"https:\/\/vinum-distribution.it\/wp-content\/uploads\/vinum-logo.svg","contentUrl":"https:\/\/vinum-distribution.it\/wp-content\/uploads\/vinum-logo.svg","width":225,"height":77,"caption":"Vinum"},"image":{"@id":"https:\/\/vinum-distribution.it\/it\/#\/schema\/logo\/image\/"},"sameAs":["https:\/\/www.facebook.com\/vinumitaly","https:\/\/www.instagram.com\/vinum.italy\/"]}]}},"_links":{"self":[{"href":"https:\/\/vinum-distribution.it\/it\/wp-json\/wp\/v2\/pages\/10601"}],"collection":[{"href":"https:\/\/vinum-distribution.it\/it\/wp-json\/wp\/v2\/pages"}],"about":[{"href":"https:\/\/vinum-distribution.it\/it\/wp-json\/wp\/v2\/types\/page"}],"author":[{"embeddable":true,"href":"https:\/\/vinum-distribution.it\/it\/wp-json\/wp\/v2\/users\/2"}],"replies":[{"embeddable":true,"href":"https:\/\/vinum-distribution.it\/it\/wp-json\/wp\/v2\/comments?post=10601"}],"version-history":[{"count":12,"href":"https:\/\/vinum-distribution.it\/it\/wp-json\/wp\/v2\/pages\/10601\/revisions"}],"predecessor-version":[{"id":10696,"href":"https:\/\/vinum-distribution.it\/it\/wp-json\/wp\/v2\/pages\/10601\/revisions\/10696"}],"wp:attachment":[{"href":"https:\/\/vinum-distribution.it\/it\/wp-json\/wp\/v2\/media?parent=10601"}],"curies":[{"name":"wp","href":"https:\/\/api.w.org\/{rel}","templated":true}]}}