{"id":10603,"date":"2024-02-10T20:33:42","date_gmt":"2024-02-10T19:33:42","guid":{"rendered":"https:\/\/vinum-distribution.it\/carriera\/"},"modified":"2026-01-09T14:33:46","modified_gmt":"2026-01-09T13:33:46","slug":"carriera","status":"publish","type":"page","link":"https:\/\/vinum-distribution.it\/it\/carriera\/","title":{"rendered":"Carriera"},"content":{"rendered":"\t\t<div data-elementor-type=\"wp-page\" data-elementor-id=\"10603\" class=\"elementor elementor-10603 elementor-6108\" data-elementor-post-type=\"page\">\n\t\t\t\t<div class=\"elementor-element elementor-element-ac40868 e-flex e-con-boxed e-con e-child\" data-id=\"ac40868\" data-element_type=\"container\">\n\t\t\t\t\t<div class=\"e-con-inner\">\n\t\t<div class=\"elementor-element elementor-element-6f13b76 e-con-full e-flex e-con e-child\" data-id=\"6f13b76\" data-element_type=\"container\">\n\t\t\t\t<div class=\"elementor-element elementor-element-af861d6 elementor-widget elementor-widget-heading\" data-id=\"af861d6\" data-element_type=\"widget\" data-widget_type=\"heading.default\">\n\t\t\t\t\t<h2 class=\"elementor-heading-title elementor-size-default\">lavorare con vino in alto adige<\/h2>\t\t\t\t<\/div>\n\t\t\t\t<div class=\"elementor-element elementor-element-d5932a2 elementor-widget__width-initial elementor-widget-tablet__width-inherit elementor-widget-mobile__width-initial elementor-widget elementor-widget-text-editor\" data-id=\"d5932a2\" data-element_type=\"widget\" data-widget_type=\"text-editor.default\">\n\t\t\t\t\t\t\t\t\t<p data-start=\"101\" data-end=\"438\">Chi \u00e8 alla ricerca di opportunit\u00e0 di <strong>lavoro nel settore del vino in Alto Adige<\/strong> trova in <strong data-start=\"189\" data-end=\"230\"><span class=\"hover:entity-accent entity-underline inline cursor-pointer align-baseline\"><span class=\"whitespace-normal\">Vinum<\/span><\/span><\/strong> un\u2019ampia variet\u00e0 di ambiti professionali: dalla vinoteca alla ristorazione, dal commercio all\u2019ingrosso all\u2019attivit\u00e0 di agenzia. Esistono opportunit\u00e0 adatte a diversi percorsi formativi e interessi personali.<\/p><p data-start=\"440\" data-end=\"697\">Crediamo che competenza professionale, correttezza, perseveranza e una visione orientata al lungo periodo permettano di raggiungere grandi risultati. Per questo il nostro approccio \u00e8 semplice: per le persone motivate e impegnate, in Vinum c\u2019\u00e8 sempre spazio.<\/p>\t\t\t\t\t\t\t\t<\/div>\n\t\t\t\t<div class=\"elementor-element elementor-element-0fd048e elementor-widget__width-inherit elementor-widget elementor-widget-image\" data-id=\"0fd048e\" data-element_type=\"widget\" data-widget_type=\"image.default\">\n\t\t\t\t\t\t\t\t\t\t\t\t\t\t\t<img fetchpriority=\"high\" decoding=\"async\" width=\"2560\" height=\"1707\" src=\"https:\/\/vinum-distribution.it\/wp-content\/uploads\/Zusammenarbeit-Wein-1-1.webp\" class=\"attachment-full size-full wp-image-7459\" alt=\"\" \/>\t\t\t\t\t\t\t\t\t\t\t\t\t\t\t<\/div>\n\t\t\t\t<div class=\"elementor-element elementor-element-4ccfb2b elementor-widget__width-initial elementor-widget-tablet__width-inherit elementor-widget-mobile__width-inherit elementor-widget-laptop__width-inherit elementor-widget elementor-widget-text-editor\" data-id=\"4ccfb2b\" data-element_type=\"widget\" data-widget_type=\"text-editor.default\">\n\t\t\t\t\t\t\t\t\t<h2 data-start=\"93\" data-end=\"160\"><strong data-start=\"96\" data-end=\"160\">CERCHI OFFERTE DI LAVORO NEL SETTORE DEL VINO IN ALTO ADIGE?<\/strong><\/h2><p data-start=\"162\" data-end=\"332\">Contattaci compilando il modulo sottostante: ti ricontatteremo con opportunit\u00e0 professionali in linea con il tuo profilo presso <strong data-start=\"290\" data-end=\"331\"><span class=\"hover:entity-accent entity-underline inline cursor-pointer align-baseline\"><span class=\"whitespace-normal\">Vinum<\/span><\/span><\/strong>.<\/p>\t\t\t\t\t\t\t\t<\/div>\n\t\t<div class=\"elementor-element elementor-element-fe88994 e-con-full e-flex e-con e-child\" data-id=\"fe88994\" data-element_type=\"container\">\n\t\t\t\t<div class=\"elementor-element elementor-element-ed9af7a elementor-button-align-start elementor-tablet-button-align-start elementor-widget-tablet__width-inherit elementor-widget-mobile__width-inherit elementor-widget__width-initial elementor-widget elementor-widget-form\" data-id=\"ed9af7a\" data-element_type=\"widget\" data-settings=\"{&quot;step_next_label&quot;:&quot;Avanti&quot;,&quot;step_previous_label&quot;:&quot;Precedente&quot;,&quot;button_width&quot;:&quot;100&quot;,&quot;step_type&quot;:&quot;number_text&quot;,&quot;step_icon_shape&quot;:&quot;circle&quot;}\" data-widget_type=\"form.default\">\n\t\t\t\t\t\t\t<form class=\"elementor-form\" method=\"post\" name=\"Applicazione\" aria-label=\"Applicazione\">\n\t\t\t<input type=\"hidden\" name=\"post_id\" value=\"10603\"\/>\n\t\t\t<input type=\"hidden\" name=\"form_id\" value=\"ed9af7a\"\/>\n\t\t\t<input type=\"hidden\" name=\"referer_title\" value=\"Carriera - Vinum S\u00fcdtirol\" \/>\n\n\t\t\t\t\t\t\t<input type=\"hidden\" name=\"queried_id\" value=\"10603\"\/>\n\t\t\t\n\t\t\t<div class=\"elementor-form-fields-wrapper elementor-labels-\">\n\t\t\t\t\t\t\t\t<div class=\"elementor-field-type-text elementor-field-group elementor-column elementor-field-group-name elementor-col-50 elementor-field-required\">\n\t\t\t\t\t\t\t\t\t\t\t\t<label for=\"form-field-name\" class=\"elementor-field-label elementor-screen-only\">\n\t\t\t\t\t\t\t\tNome\t\t\t\t\t\t\t<\/label>\n\t\t\t\t\t\t\t\t\t\t\t\t\t\t<input size=\"1\" type=\"text\" name=\"form_fields[name]\" id=\"form-field-name\" class=\"elementor-field elementor-size-lg  elementor-field-textual\" placeholder=\"Nome*\" required=\"required\">\n\t\t\t\t\t\t\t\t\t\t\t<\/div>\n\t\t\t\t\t\t\t\t<div class=\"elementor-field-type-text elementor-field-group elementor-column elementor-field-group-surname elementor-col-50 elementor-field-required\">\n\t\t\t\t\t\t\t\t\t\t\t\t<label for=\"form-field-surname\" class=\"elementor-field-label elementor-screen-only\">\n\t\t\t\t\t\t\t\tCognome\t\t\t\t\t\t\t<\/label>\n\t\t\t\t\t\t\t\t\t\t\t\t\t\t<input size=\"1\" type=\"text\" name=\"form_fields[surname]\" id=\"form-field-surname\" class=\"elementor-field elementor-size-lg  elementor-field-textual\" placeholder=\"Cognome*\" required=\"required\">\n\t\t\t\t\t\t\t\t\t\t\t<\/div>\n\t\t\t\t\t\t\t\t<div class=\"elementor-field-type-email elementor-field-group elementor-column elementor-field-group-mail elementor-col-50 elementor-field-required\">\n\t\t\t\t\t\t\t\t\t\t\t\t<label for=\"form-field-mail\" class=\"elementor-field-label elementor-screen-only\">\n\t\t\t\t\t\t\t\tEmail\t\t\t\t\t\t\t<\/label>\n\t\t\t\t\t\t\t\t\t\t\t\t\t\t<input size=\"1\" type=\"email\" name=\"form_fields[mail]\" id=\"form-field-mail\" class=\"elementor-field elementor-size-lg  elementor-field-textual\" placeholder=\"Email*\" required=\"required\">\n\t\t\t\t\t\t\t\t\t\t\t<\/div>\n\t\t\t\t\t\t\t\t<div class=\"elementor-field-type-tel elementor-field-group elementor-column elementor-field-group-phone elementor-col-50\">\n\t\t\t\t\t\t\t\t\t\t\t\t<label for=\"form-field-phone\" class=\"elementor-field-label elementor-screen-only\">\n\t\t\t\t\t\t\t\tTelefono\t\t\t\t\t\t\t<\/label>\n\t\t\t\t\t\t\t\t<input size=\"1\" type=\"tel\" name=\"form_fields[phone]\" id=\"form-field-phone\" class=\"elementor-field elementor-size-lg  elementor-field-textual\" placeholder=\"Telefono\" pattern=\"[0-9()#&amp;+*-=.]+\" title=\"Sono accettati solo numeri e caratteri telefonici (#, -, *, ecc.).\">\n\n\t\t\t\t\t\t<\/div>\n\t\t\t\t\t\t\t\t<div class=\"elementor-field-type-textarea elementor-field-group elementor-column elementor-field-group-message elementor-col-100\">\n\t\t\t\t\t\t\t\t\t\t\t\t<label for=\"form-field-message\" class=\"elementor-field-label elementor-screen-only\">\n\t\t\t\t\t\t\t\tMessaggio\t\t\t\t\t\t\t<\/label>\n\t\t\t\t\t\t<textarea class=\"elementor-field-textual elementor-field  elementor-size-lg\" name=\"form_fields[message]\" id=\"form-field-message\" rows=\"6\" placeholder=\"Messaggio\"><\/textarea>\t\t\t\t<\/div>\n\t\t\t\t\t\t\t\t<div class=\"elementor-field-type-upload elementor-field-group elementor-column elementor-field-group-file elementor-col-100\">\n\t\t\t\t\t\t\t\t\t\t\t\t<label for=\"form-field-file\" class=\"elementor-field-label elementor-screen-only\">\n\t\t\t\t\t\t\t\tCurriculum vitae\t\t\t\t\t\t\t<\/label>\n\t\t\t\t\t\t\t\t<input type=\"file\" name=\"form_fields[file]\" id=\"form-field-file\" class=\"elementor-field elementor-size-lg  elementor-upload-field\" data-maxsize=\"8\" data-maxsize-message=\"Questo file supera la dimensione massima consentita.\">\n\n\t\t\t\t\t\t<\/div>\n\t\t\t\t\t\t\t\t<div class=\"elementor-field-type-acceptance elementor-field-group elementor-column elementor-field-group-privacy elementor-col-100 elementor-field-required\">\n\t\t\t\t\t\t\t\t\t\t\t\t<label for=\"form-field-privacy\" class=\"elementor-field-label elementor-screen-only\">\n\t\t\t\t\t\t\t\tPrivacy\t\t\t\t\t\t\t<\/label>\n\t\t\t\t\t\t\t\t<div class=\"elementor-field-subgroup\">\n\t\t\t<span class=\"elementor-field-option\">\n\t\t\t\t<input type=\"checkbox\" name=\"form_fields[privacy]\" id=\"form-field-privacy\" class=\"elementor-field elementor-size-lg  elementor-acceptance-field\" required=\"required\">\n\t\t\t\t<label for=\"form-field-privacy\">Accetto l'<a href=\"https:\/\/vinum-distribution.it\/privacy\/\">informativa sulla privacy*<\/a>.<\/label>\t\t\t<\/span>\n\t\t<\/div>\n\t\t\t\t\t\t<\/div>\n\t\t\t\t\t\t\t\t<div class=\"elementor-field-type-recaptcha_v3 elementor-field-group elementor-column elementor-field-group-recaptcha elementor-col-100 recaptcha_v3-bottomright\">\n\t\t\t\t\t<div class=\"elementor-field\" id=\"form-field-recaptcha\"><div class=\"elementor-g-recaptcha\" data-sitekey=\"6LeQC7YqAAAAAL3L8UrDqQ-9IywHGY8uERUGPbBZ\" data-type=\"v3\" data-action=\"Form\" data-badge=\"bottomright\" data-size=\"invisible\"><\/div><\/div>\t\t\t\t<\/div>\n\t\t\t\t\t\t\t\t<div class=\"elementor-field-group elementor-column elementor-field-type-submit elementor-col-100 e-form__buttons\">\n\t\t\t\t\t<button class=\"elementor-button elementor-size-sm\" type=\"submit\">\n\t\t\t\t\t\t<span class=\"elementor-button-content-wrapper\">\n\t\t\t\t\t\t\t\t\t\t\t\t\t\t\t<span class=\"elementor-button-icon\">\n\t\t\t\t\t\t\t\t\t<i aria-hidden=\"true\" class=\"feather feather-arrow-right\"><\/i>\t\t\t\t\t\t\t\t\t\t\t\t\t\t\t\t\t<\/span>\n\t\t\t\t\t\t\t\t\t\t\t\t\t\t\t\t\t\t\t\t\t\t<span class=\"elementor-button-text\">Invia<\/span>\n\t\t\t\t\t\t\t\t\t\t\t\t\t<\/span>\n\t\t\t\t\t<\/button>\n\t\t\t\t<\/div>\n\t\t\t<\/div>\n\t\t<\/form>\n\t\t\t\t\t\t<\/div>\n\t\t\t\t<div class=\"elementor-element elementor-element-7ca00d8 elementor-widget__width-initial elementor-widget-tablet__width-inherit elementor-widget elementor-widget-image\" data-id=\"7ca00d8\" data-element_type=\"widget\" data-widget_type=\"image.default\">\n\t\t\t\t\t\t\t\t\t\t\t\t\t\t\t<img decoding=\"async\" width=\"2560\" height=\"1707\" src=\"https:\/\/vinum-distribution.it\/wp-content\/uploads\/Vinum-Part-III-157.jpg\" class=\"attachment-full size-full wp-image-4454\" alt=\"\" srcset=\"https:\/\/vinum-distribution.it\/wp-content\/uploads\/Vinum-Part-III-157.jpg 2560w, https:\/\/vinum-distribution.it\/wp-content\/uploads\/Vinum-Part-III-157-300x200.jpg 300w, https:\/\/vinum-distribution.it\/wp-content\/uploads\/Vinum-Part-III-157-1024x683.jpg 1024w, https:\/\/vinum-distribution.it\/wp-content\/uploads\/Vinum-Part-III-157-768x512.jpg 768w, https:\/\/vinum-distribution.it\/wp-content\/uploads\/Vinum-Part-III-157-1536x1024.jpg 1536w, https:\/\/vinum-distribution.it\/wp-content\/uploads\/Vinum-Part-III-157-2048x1366.jpg 2048w\" sizes=\"(max-width: 2560px) 100vw, 2560px\" \/>\t\t\t\t\t\t\t\t\t\t\t\t\t\t\t<\/div>\n\t\t\t\t<\/div>\n\t\t\t\t<\/div>\n\t\t\t\t\t<\/div>\n\t\t\t\t<\/div>\n\t\t<div class=\"elementor-element elementor-element-ec6937b e-con-full e-flex e-con e-parent\" data-id=\"ec6937b\" data-element_type=\"container\">\n\t\t\t\t<div class=\"elementor-element elementor-element-97fa4a0 elementor-skin-carousel elementor-widget elementor-widget-media-carousel\" data-id=\"97fa4a0\" data-element_type=\"widget\" data-settings=\"{&quot;effect&quot;:&quot;fade&quot;,&quot;skin&quot;:&quot;carousel&quot;,&quot;speed&quot;:500,&quot;autoplay&quot;:&quot;yes&quot;,&quot;autoplay_speed&quot;:5000,&quot;loop&quot;:&quot;yes&quot;,&quot;pause_on_hover&quot;:&quot;yes&quot;,&quot;pause_on_interaction&quot;:&quot;yes&quot;,&quot;space_between&quot;:{&quot;unit&quot;:&quot;px&quot;,&quot;size&quot;:10,&quot;sizes&quot;:[]},&quot;space_between_laptop&quot;:{&quot;unit&quot;:&quot;px&quot;,&quot;size&quot;:10,&quot;sizes&quot;:[]},&quot;space_between_tablet&quot;:{&quot;unit&quot;:&quot;px&quot;,&quot;size&quot;:10,&quot;sizes&quot;:[]},&quot;space_between_mobile&quot;:{&quot;unit&quot;:&quot;px&quot;,&quot;size&quot;:10,&quot;sizes&quot;:[]}}\" data-widget_type=\"media-carousel.default\">\n\t\t\t\t\t\t\t\t\t\t<div class=\"elementor-main-swiper swiper\" role=\"region\" aria-roledescription=\"carousel\" aria-label=\"Slider\">\n\t\t\t\t<div class=\"swiper-wrapper\">\n\t\t\t\t\t\t\t\t\t\t\t<div class=\"swiper-slide\" role=\"group\" aria-roledescription=\"slide\">\n\t\t\t\t\t\t\t\t\t<div class=\"elementor-carousel-image\" role=\"img\" aria-label=\"Preislistenkonzeption\" style=\"background-image: url(&#039;https:\/\/vinum-distribution.it\/wp-content\/uploads\/Preislistenkonzeption.webp&#039;)\">\n\n\t\t\t\n\t\t\t\t\t<\/div>\n\t\t\t\t\t\t\t\t<\/div>\n\t\t\t\t\t\t\t\t\t\t\t<div class=\"swiper-slide\" role=\"group\" aria-roledescription=\"slide\">\n\t\t\t\t\t\t\t\t\t<div class=\"elementor-carousel-image\" role=\"img\" aria-label=\"Frau in Spirituosenraum\" style=\"background-image: url(&#039;https:\/\/vinum-distribution.it\/wp-content\/uploads\/Frau-in-Spirituosenraum.webp&#039;)\">\n\n\t\t\t\n\t\t\t\t\t<\/div>\n\t\t\t\t\t\t\t\t<\/div>\n\t\t\t\t\t\t\t\t\t\t\t<div class=\"swiper-slide\" role=\"group\" aria-roledescription=\"slide\">\n\t\t\t\t\t\t\t\t\t<div class=\"elementor-carousel-image\" role=\"img\" aria-label=\"Mann telefonieren\" style=\"background-image: url(&#039;https:\/\/vinum-distribution.it\/wp-content\/uploads\/Mann-telefonieren.webp&#039;)\">\n\n\t\t\t\n\t\t\t\t\t<\/div>\n\t\t\t\t\t\t\t\t<\/div>\n\t\t\t\t\t\t\t\t\t<\/div>\n\t\t\t\t\t\t\t\t\t\t\t\t\t\t\t\t\t\t\t\t\t<\/div>\n\t\t\t\t\t\t\t\t<\/div>\n\t\t\t\t<\/div>\n\t\t\t\t<\/div>\n\t\t","protected":false},"excerpt":{"rendered":"<p>lavorare con vino in alto adige Chi \u00e8 alla ricerca di opportunit\u00e0 di lavoro nel settore del vino in Alto Adige trova in Vinum un\u2019ampia variet\u00e0 di ambiti professionali: dalla vinoteca alla ristorazione, dal commercio all\u2019ingrosso all\u2019attivit\u00e0 di agenzia. Esistono opportunit\u00e0 adatte a diversi percorsi formativi e interessi personali. Crediamo che competenza professionale, correttezza, perseveranza [&hellip;]<\/p>\n","protected":false},"author":2,"featured_media":0,"parent":0,"menu_order":0,"comment_status":"closed","ping_status":"closed","template":"","meta":{"inline_featured_image":false,"footnotes":""},"class_list":["post-10603","page","type-page","status-publish","hentry"],"yoast_head":"<!-- This site is optimized with the Yoast SEO plugin v24.8.1 - https:\/\/yoast.com\/wordpress\/plugins\/seo\/ -->\n<title>Carriera - Vinum S\u00fcdtirol<\/title>\n<meta name=\"robots\" content=\"index, follow, max-snippet:-1, max-image-preview:large, max-video-preview:-1\" \/>\n<link rel=\"canonical\" href=\"https:\/\/vinum-distribution.it\/it\/carriera\/\" \/>\n<meta property=\"og:locale\" content=\"it_IT\" \/>\n<meta property=\"og:type\" content=\"article\" \/>\n<meta property=\"og:title\" content=\"Carriera - Vinum S\u00fcdtirol\" \/>\n<meta property=\"og:description\" content=\"lavorare con vino in alto adige Chi \u00e8 alla ricerca di opportunit\u00e0 di lavoro nel settore del vino in Alto Adige trova in Vinum un\u2019ampia variet\u00e0 di ambiti professionali: dalla vinoteca alla ristorazione, dal commercio all\u2019ingrosso all\u2019attivit\u00e0 di agenzia. Esistono opportunit\u00e0 adatte a diversi percorsi formativi e interessi personali. Crediamo che competenza professionale, correttezza, perseveranza [&hellip;]\" \/>\n<meta property=\"og:url\" content=\"https:\/\/vinum-distribution.it\/it\/carriera\/\" \/>\n<meta property=\"og:site_name\" content=\"Vinum S\u00fcdtirol\" \/>\n<meta property=\"article:publisher\" content=\"https:\/\/www.facebook.com\/vinumitaly\" \/>\n<meta property=\"article:modified_time\" content=\"2026-01-09T13:33:46+00:00\" \/>\n<meta property=\"og:image\" content=\"https:\/\/vinum-distribution.it\/wp-content\/uploads\/Zusammenarbeit-Wein-1-1.webp\" \/>\n\t<meta property=\"og:image:width\" content=\"2560\" \/>\n\t<meta property=\"og:image:height\" content=\"1707\" \/>\n\t<meta property=\"og:image:type\" content=\"image\/webp\" \/>\n<meta name=\"twitter:card\" content=\"summary_large_image\" \/>\n<script type=\"application\/ld+json\" class=\"yoast-schema-graph\">{\"@context\":\"https:\/\/schema.org\",\"@graph\":[{\"@type\":\"WebPage\",\"@id\":\"https:\/\/vinum-distribution.it\/it\/carriera\/\",\"url\":\"https:\/\/vinum-distribution.it\/it\/carriera\/\",\"name\":\"Carriera - Vinum S\u00fcdtirol\",\"isPartOf\":{\"@id\":\"https:\/\/vinum-distribution.it\/it\/#website\"},\"primaryImageOfPage\":{\"@id\":\"https:\/\/vinum-distribution.it\/it\/carriera\/#primaryimage\"},\"image\":{\"@id\":\"https:\/\/vinum-distribution.it\/it\/carriera\/#primaryimage\"},\"thumbnailUrl\":\"https:\/\/vinum-distribution.it\/wp-content\/uploads\/Zusammenarbeit-Wein-1-1.webp\",\"datePublished\":\"2024-02-10T19:33:42+00:00\",\"dateModified\":\"2026-01-09T13:33:46+00:00\",\"breadcrumb\":{\"@id\":\"https:\/\/vinum-distribution.it\/it\/carriera\/#breadcrumb\"},\"inLanguage\":\"it-IT\",\"potentialAction\":[{\"@type\":\"ReadAction\",\"target\":[\"https:\/\/vinum-distribution.it\/it\/carriera\/\"]}]},{\"@type\":\"ImageObject\",\"inLanguage\":\"it-IT\",\"@id\":\"https:\/\/vinum-distribution.it\/it\/carriera\/#primaryimage\",\"url\":\"https:\/\/vinum-distribution.it\/wp-content\/uploads\/Zusammenarbeit-Wein-1-1.webp\",\"contentUrl\":\"https:\/\/vinum-distribution.it\/wp-content\/uploads\/Zusammenarbeit-Wein-1-1.webp\"},{\"@type\":\"BreadcrumbList\",\"@id\":\"https:\/\/vinum-distribution.it\/it\/carriera\/#breadcrumb\",\"itemListElement\":[{\"@type\":\"ListItem\",\"position\":1,\"name\":\"Home\",\"item\":\"https:\/\/vinum-distribution.it\/it\/\"},{\"@type\":\"ListItem\",\"position\":2,\"name\":\"Carriera\"}]},{\"@type\":\"WebSite\",\"@id\":\"https:\/\/vinum-distribution.it\/it\/#website\",\"url\":\"https:\/\/vinum-distribution.it\/it\/\",\"name\":\"Vinum\",\"description\":\"Weindiele\",\"publisher\":{\"@id\":\"https:\/\/vinum-distribution.it\/it\/#organization\"},\"potentialAction\":[{\"@type\":\"SearchAction\",\"target\":{\"@type\":\"EntryPoint\",\"urlTemplate\":\"https:\/\/vinum-distribution.it\/it\/?s={search_term_string}\"},\"query-input\":{\"@type\":\"PropertyValueSpecification\",\"valueRequired\":true,\"valueName\":\"search_term_string\"}}],\"inLanguage\":\"it-IT\"},{\"@type\":\"Organization\",\"@id\":\"https:\/\/vinum-distribution.it\/it\/#organization\",\"name\":\"Vinum\",\"url\":\"https:\/\/vinum-distribution.it\/it\/\",\"logo\":{\"@type\":\"ImageObject\",\"inLanguage\":\"it-IT\",\"@id\":\"https:\/\/vinum-distribution.it\/it\/#\/schema\/logo\/image\/\",\"url\":\"https:\/\/vinum-distribution.it\/wp-content\/uploads\/vinum-logo.svg\",\"contentUrl\":\"https:\/\/vinum-distribution.it\/wp-content\/uploads\/vinum-logo.svg\",\"width\":225,\"height\":77,\"caption\":\"Vinum\"},\"image\":{\"@id\":\"https:\/\/vinum-distribution.it\/it\/#\/schema\/logo\/image\/\"},\"sameAs\":[\"https:\/\/www.facebook.com\/vinumitaly\",\"https:\/\/www.instagram.com\/vinum.italy\/\"]}]}<\/script>\n<!-- \/ Yoast SEO plugin. -->","yoast_head_json":{"title":"Carriera - Vinum S\u00fcdtirol","robots":{"index":"index","follow":"follow","max-snippet":"max-snippet:-1","max-image-preview":"max-image-preview:large","max-video-preview":"max-video-preview:-1"},"canonical":"https:\/\/vinum-distribution.it\/it\/carriera\/","og_locale":"it_IT","og_type":"article","og_title":"Carriera - Vinum S\u00fcdtirol","og_description":"lavorare con vino in alto adige Chi \u00e8 alla ricerca di opportunit\u00e0 di lavoro nel settore del vino in Alto Adige trova in Vinum un\u2019ampia variet\u00e0 di ambiti professionali: dalla vinoteca alla ristorazione, dal commercio all\u2019ingrosso all\u2019attivit\u00e0 di agenzia. Esistono opportunit\u00e0 adatte a diversi percorsi formativi e interessi personali. Crediamo che competenza professionale, correttezza, perseveranza [&hellip;]","og_url":"https:\/\/vinum-distribution.it\/it\/carriera\/","og_site_name":"Vinum S\u00fcdtirol","article_publisher":"https:\/\/www.facebook.com\/vinumitaly","article_modified_time":"2026-01-09T13:33:46+00:00","og_image":[{"width":2560,"height":1707,"url":"https:\/\/vinum-distribution.it\/wp-content\/uploads\/Zusammenarbeit-Wein-1-1.webp","type":"image\/webp"}],"twitter_card":"summary_large_image","schema":{"@context":"https:\/\/schema.org","@graph":[{"@type":"WebPage","@id":"https:\/\/vinum-distribution.it\/it\/carriera\/","url":"https:\/\/vinum-distribution.it\/it\/carriera\/","name":"Carriera - Vinum S\u00fcdtirol","isPartOf":{"@id":"https:\/\/vinum-distribution.it\/it\/#website"},"primaryImageOfPage":{"@id":"https:\/\/vinum-distribution.it\/it\/carriera\/#primaryimage"},"image":{"@id":"https:\/\/vinum-distribution.it\/it\/carriera\/#primaryimage"},"thumbnailUrl":"https:\/\/vinum-distribution.it\/wp-content\/uploads\/Zusammenarbeit-Wein-1-1.webp","datePublished":"2024-02-10T19:33:42+00:00","dateModified":"2026-01-09T13:33:46+00:00","breadcrumb":{"@id":"https:\/\/vinum-distribution.it\/it\/carriera\/#breadcrumb"},"inLanguage":"it-IT","potentialAction":[{"@type":"ReadAction","target":["https:\/\/vinum-distribution.it\/it\/carriera\/"]}]},{"@type":"ImageObject","inLanguage":"it-IT","@id":"https:\/\/vinum-distribution.it\/it\/carriera\/#primaryimage","url":"https:\/\/vinum-distribution.it\/wp-content\/uploads\/Zusammenarbeit-Wein-1-1.webp","contentUrl":"https:\/\/vinum-distribution.it\/wp-content\/uploads\/Zusammenarbeit-Wein-1-1.webp"},{"@type":"BreadcrumbList","@id":"https:\/\/vinum-distribution.it\/it\/carriera\/#breadcrumb","itemListElement":[{"@type":"ListItem","position":1,"name":"Home","item":"https:\/\/vinum-distribution.it\/it\/"},{"@type":"ListItem","position":2,"name":"Carriera"}]},{"@type":"WebSite","@id":"https:\/\/vinum-distribution.it\/it\/#website","url":"https:\/\/vinum-distribution.it\/it\/","name":"Vinum","description":"Weindiele","publisher":{"@id":"https:\/\/vinum-distribution.it\/it\/#organization"},"potentialAction":[{"@type":"SearchAction","target":{"@type":"EntryPoint","urlTemplate":"https:\/\/vinum-distribution.it\/it\/?s={search_term_string}"},"query-input":{"@type":"PropertyValueSpecification","valueRequired":true,"valueName":"search_term_string"}}],"inLanguage":"it-IT"},{"@type":"Organization","@id":"https:\/\/vinum-distribution.it\/it\/#organization","name":"Vinum","url":"https:\/\/vinum-distribution.it\/it\/","logo":{"@type":"ImageObject","inLanguage":"it-IT","@id":"https:\/\/vinum-distribution.it\/it\/#\/schema\/logo\/image\/","url":"https:\/\/vinum-distribution.it\/wp-content\/uploads\/vinum-logo.svg","contentUrl":"https:\/\/vinum-distribution.it\/wp-content\/uploads\/vinum-logo.svg","width":225,"height":77,"caption":"Vinum"},"image":{"@id":"https:\/\/vinum-distribution.it\/it\/#\/schema\/logo\/image\/"},"sameAs":["https:\/\/www.facebook.com\/vinumitaly","https:\/\/www.instagram.com\/vinum.italy\/"]}]}},"_links":{"self":[{"href":"https:\/\/vinum-distribution.it\/it\/wp-json\/wp\/v2\/pages\/10603"}],"collection":[{"href":"https:\/\/vinum-distribution.it\/it\/wp-json\/wp\/v2\/pages"}],"about":[{"href":"https:\/\/vinum-distribution.it\/it\/wp-json\/wp\/v2\/types\/page"}],"author":[{"embeddable":true,"href":"https:\/\/vinum-distribution.it\/it\/wp-json\/wp\/v2\/users\/2"}],"replies":[{"embeddable":true,"href":"https:\/\/vinum-distribution.it\/it\/wp-json\/wp\/v2\/comments?post=10603"}],"version-history":[{"count":17,"href":"https:\/\/vinum-distribution.it\/it\/wp-json\/wp\/v2\/pages\/10603\/revisions"}],"predecessor-version":[{"id":10820,"href":"https:\/\/vinum-distribution.it\/it\/wp-json\/wp\/v2\/pages\/10603\/revisions\/10820"}],"wp:attachment":[{"href":"https:\/\/vinum-distribution.it\/it\/wp-json\/wp\/v2\/media?parent=10603"}],"curies":[{"name":"wp","href":"https:\/\/api.w.org\/{rel}","templated":true}]}}