{"id":10618,"date":"2024-07-10T17:08:48","date_gmt":"2024-07-10T15:08:48","guid":{"rendered":"https:\/\/vinum-distribution.it\/enoteca\/"},"modified":"2025-04-06T10:08:09","modified_gmt":"2025-04-06T08:08:09","slug":"enoteca","status":"publish","type":"page","link":"https:\/\/vinum-distribution.it\/it\/enoteca\/","title":{"rendered":"Enoteca"},"content":{"rendered":"\t\t<div data-elementor-type=\"wp-page\" data-elementor-id=\"10618\" class=\"elementor elementor-10618 elementor-7946\" data-elementor-post-type=\"page\">\n\t\t\t\t<div class=\"elementor-element elementor-element-ee54df0 e-flex e-con-boxed e-con e-parent\" data-id=\"ee54df0\" data-element_type=\"container\">\n\t\t\t\t\t<div class=\"e-con-inner\">\n\t\t<div class=\"elementor-element elementor-element-3cfd65d e-con-full e-flex e-con e-child\" data-id=\"3cfd65d\" data-element_type=\"container\">\n\t\t\t\t<div class=\"elementor-element elementor-element-c151b62 elementor-widget elementor-widget-heading\" data-id=\"c151b62\" data-element_type=\"widget\" data-widget_type=\"heading.default\">\n\t\t\t\t\t<h1 class=\"elementor-heading-title elementor-size-default\">Enoteca<\/h1>\t\t\t\t<\/div>\n\t\t<div class=\"elementor-element elementor-element-65eb533 e-con-full e-grid e-con e-child\" data-id=\"65eb533\" data-element_type=\"container\">\n\t\t<div class=\"elementor-element elementor-element-90a2d26 e-con-full e-flex e-con e-child\" data-id=\"90a2d26\" data-element_type=\"container\" data-settings=\"{&quot;background_background&quot;:&quot;classic&quot;}\">\n\t\t\t\t<div class=\"elementor-element elementor-element-bf990c9 elementor-widget elementor-widget-text-editor\" data-id=\"bf990c9\" data-element_type=\"widget\" data-widget_type=\"text-editor.default\">\n\t\t\t\t\t\t\t\t\t<p>Indirizzo:<br \/>Via Brennero 28<br \/>39100 Bolzano<\/p>\t\t\t\t\t\t\t\t<\/div>\n\t\t\t\t<\/div>\n\t\t\t\t<div class=\"elementor-element elementor-element-8882a94 elementor-widget elementor-widget-image\" data-id=\"8882a94\" data-element_type=\"widget\" data-widget_type=\"image.default\">\n\t\t\t\t\t\t\t\t\t\t\t\t\t\t\t<img fetchpriority=\"high\" decoding=\"async\" width=\"2560\" height=\"1707\" src=\"https:\/\/vinum-distribution.it\/wp-content\/uploads\/Vinum-Part-III-102.jpg\" class=\"attachment-full size-full wp-image-4439\" alt=\"\" srcset=\"https:\/\/vinum-distribution.it\/wp-content\/uploads\/Vinum-Part-III-102.jpg 2560w, https:\/\/vinum-distribution.it\/wp-content\/uploads\/Vinum-Part-III-102-300x200.jpg 300w, https:\/\/vinum-distribution.it\/wp-content\/uploads\/Vinum-Part-III-102-1024x683.jpg 1024w, https:\/\/vinum-distribution.it\/wp-content\/uploads\/Vinum-Part-III-102-768x512.jpg 768w, https:\/\/vinum-distribution.it\/wp-content\/uploads\/Vinum-Part-III-102-1536x1024.jpg 1536w, https:\/\/vinum-distribution.it\/wp-content\/uploads\/Vinum-Part-III-102-2048x1366.jpg 2048w\" sizes=\"(max-width: 2560px) 100vw, 2560px\" \/>\t\t\t\t\t\t\t\t\t\t\t\t\t\t\t<\/div>\n\t\t\t\t<div class=\"elementor-element elementor-element-9a78615 elementor-widget elementor-widget-image\" data-id=\"9a78615\" data-element_type=\"widget\" data-widget_type=\"image.default\">\n\t\t\t\t\t\t\t\t\t\t\t\t\t\t\t<img decoding=\"async\" width=\"1707\" height=\"2560\" src=\"https:\/\/vinum-distribution.it\/wp-content\/uploads\/Wein-Weinwissen.webp\" class=\"attachment-full size-full wp-image-7502\" alt=\"\" \/>\t\t\t\t\t\t\t\t\t\t\t\t\t\t\t<\/div>\n\t\t\t\t<div class=\"elementor-element elementor-element-fe8e61d elementor-widget elementor-widget-image\" data-id=\"fe8e61d\" data-element_type=\"widget\" data-widget_type=\"image.default\">\n\t\t\t\t\t\t\t\t\t\t\t\t\t\t\t<img decoding=\"async\" width=\"2560\" height=\"1707\" src=\"https:\/\/vinum-distribution.it\/wp-content\/uploads\/Weine-in-Regal-2-2.webp\" class=\"attachment-full size-full wp-image-7454\" alt=\"\" \/>\t\t\t\t\t\t\t\t\t\t\t\t\t\t\t<\/div>\n\t\t<div class=\"elementor-element elementor-element-1416f0e e-con-full e-flex e-con e-child\" data-id=\"1416f0e\" data-element_type=\"container\" data-settings=\"{&quot;background_background&quot;:&quot;classic&quot;}\">\n\t\t\t\t<div class=\"elementor-element elementor-element-8fb8c4c elementor-widget elementor-widget-text-editor\" data-id=\"8fb8c4c\" data-element_type=\"widget\" data-widget_type=\"text-editor.default\">\n\t\t\t\t\t\t\t\t\t<p>Orari di apertura:  <\/p><p>Dal luned\u00ec al venerd\u00ec:<\/p><p>9:00 &#8211; 18:00<\/p>\t\t\t\t\t\t\t\t<\/div>\n\t\t\t\t<\/div>\n\t\t\t\t<div class=\"elementor-element elementor-element-9c65f40 elementor-widget elementor-widget-image\" data-id=\"9c65f40\" data-element_type=\"widget\" data-widget_type=\"image.default\">\n\t\t\t\t\t\t\t\t\t\t\t\t\t\t\t<img loading=\"lazy\" decoding=\"async\" width=\"1968\" height=\"1312\" src=\"https:\/\/vinum-distribution.it\/wp-content\/uploads\/Vinum-Part-III-60.jpg\" class=\"attachment-full size-full wp-image-4437\" alt=\"\" srcset=\"https:\/\/vinum-distribution.it\/wp-content\/uploads\/Vinum-Part-III-60.jpg 1968w, https:\/\/vinum-distribution.it\/wp-content\/uploads\/Vinum-Part-III-60-300x200.jpg 300w, https:\/\/vinum-distribution.it\/wp-content\/uploads\/Vinum-Part-III-60-1024x683.jpg 1024w, https:\/\/vinum-distribution.it\/wp-content\/uploads\/Vinum-Part-III-60-768x512.jpg 768w, https:\/\/vinum-distribution.it\/wp-content\/uploads\/Vinum-Part-III-60-1536x1024.jpg 1536w\" sizes=\"(max-width: 1968px) 100vw, 1968px\" \/>\t\t\t\t\t\t\t\t\t\t\t\t\t\t\t<\/div>\n\t\t\t\t<div class=\"elementor-element elementor-element-ea34a9f elementor-widget elementor-widget-image\" data-id=\"ea34a9f\" data-element_type=\"widget\" data-widget_type=\"image.default\">\n\t\t\t\t\t\t\t\t\t\t\t\t\t\t\t<img loading=\"lazy\" decoding=\"async\" width=\"2560\" height=\"1707\" src=\"https:\/\/vinum-distribution.it\/wp-content\/uploads\/Wein-auf-Regal-3.webp\" class=\"attachment-full size-full wp-image-7552\" alt=\"\" \/>\t\t\t\t\t\t\t\t\t\t\t\t\t\t\t<\/div>\n\t\t<div class=\"elementor-element elementor-element-c6bf556 e-con-full e-flex e-con e-child\" data-id=\"c6bf556\" data-element_type=\"container\" data-settings=\"{&quot;background_background&quot;:&quot;classic&quot;}\">\n\t\t\t\t<div class=\"elementor-element elementor-element-7b131aa elementor-widget elementor-widget-text-editor\" data-id=\"7b131aa\" data-element_type=\"widget\" data-widget_type=\"text-editor.default\">\n\t\t\t\t\t\t\t\t\t<p>Contatto:<\/p><p>info@vinum.it<\/p><p>T. +39 0471 061620<\/p>\t\t\t\t\t\t\t\t<\/div>\n\t\t\t\t<\/div>\n\t\t\t\t<div class=\"elementor-element elementor-element-b316b01 elementor-widget elementor-widget-image\" data-id=\"b316b01\" data-element_type=\"widget\" data-widget_type=\"image.default\">\n\t\t\t\t\t\t\t\t\t\t\t\t\t\t\t<img loading=\"lazy\" decoding=\"async\" width=\"2560\" height=\"1707\" src=\"https:\/\/vinum-distribution.it\/wp-content\/uploads\/Spirituosen-auf-Tisch.webp\" class=\"attachment-full size-full wp-image-7554\" alt=\"\" \/>\t\t\t\t\t\t\t\t\t\t\t\t\t\t\t<\/div>\n\t\t\t\t<\/div>\n\t\t\t\t<\/div>\n\t\t\t\t\t<\/div>\n\t\t\t\t<\/div>\n\t\t\t\t<\/div>\n\t\t","protected":false},"excerpt":{"rendered":"<p>Enoteca Indirizzo:Via Brennero 2839100 Bolzano Orari di apertura: Dal luned\u00ec al venerd\u00ec: 9:00 &#8211; 18:00 Contatto: info@vinum.it T. +39 0471 061620<\/p>\n","protected":false},"author":2,"featured_media":0,"parent":0,"menu_order":0,"comment_status":"closed","ping_status":"closed","template":"","meta":{"inline_featured_image":false,"footnotes":""},"class_list":["post-10618","page","type-page","status-publish","hentry"],"yoast_head":"<!-- This site is optimized with the Yoast SEO plugin v24.8.1 - https:\/\/yoast.com\/wordpress\/plugins\/seo\/ -->\n<title>Enoteca - Vinum S\u00fcdtirol<\/title>\n<meta name=\"robots\" content=\"index, follow, max-snippet:-1, max-image-preview:large, max-video-preview:-1\" \/>\n<link rel=\"canonical\" href=\"https:\/\/vinum-distribution.it\/it\/enoteca\/\" \/>\n<meta property=\"og:locale\" content=\"it_IT\" \/>\n<meta property=\"og:type\" content=\"article\" \/>\n<meta property=\"og:title\" content=\"Enoteca - Vinum S\u00fcdtirol\" \/>\n<meta property=\"og:description\" content=\"Enoteca Indirizzo:Via Brennero 2839100 Bolzano Orari di apertura: Dal luned\u00ec al venerd\u00ec: 9:00 &#8211; 18:00 Contatto: info@vinum.it T. +39 0471 061620\" \/>\n<meta property=\"og:url\" content=\"https:\/\/vinum-distribution.it\/it\/enoteca\/\" \/>\n<meta property=\"og:site_name\" content=\"Vinum S\u00fcdtirol\" \/>\n<meta property=\"article:publisher\" content=\"https:\/\/www.facebook.com\/vinumitaly\" \/>\n<meta property=\"article:modified_time\" content=\"2025-04-06T08:08:09+00:00\" \/>\n<meta property=\"og:image\" content=\"https:\/\/vinum-distribution.it\/wp-content\/uploads\/Vinum-Part-III-102.jpg\" \/>\n\t<meta property=\"og:image:width\" content=\"2560\" \/>\n\t<meta property=\"og:image:height\" content=\"1707\" \/>\n\t<meta property=\"og:image:type\" content=\"image\/jpeg\" \/>\n<meta name=\"twitter:card\" content=\"summary_large_image\" \/>\n<meta name=\"twitter:label1\" content=\"Tempo di lettura stimato\" \/>\n\t<meta name=\"twitter:data1\" content=\"1 minuto\" \/>\n<script type=\"application\/ld+json\" class=\"yoast-schema-graph\">{\"@context\":\"https:\/\/schema.org\",\"@graph\":[{\"@type\":\"WebPage\",\"@id\":\"https:\/\/vinum-distribution.it\/it\/enoteca\/\",\"url\":\"https:\/\/vinum-distribution.it\/it\/enoteca\/\",\"name\":\"Enoteca - Vinum S\u00fcdtirol\",\"isPartOf\":{\"@id\":\"https:\/\/vinum-distribution.it\/it\/#website\"},\"primaryImageOfPage\":{\"@id\":\"https:\/\/vinum-distribution.it\/it\/enoteca\/#primaryimage\"},\"image\":{\"@id\":\"https:\/\/vinum-distribution.it\/it\/enoteca\/#primaryimage\"},\"thumbnailUrl\":\"https:\/\/vinum-distribution.it\/wp-content\/uploads\/Vinum-Part-III-102.jpg\",\"datePublished\":\"2024-07-10T15:08:48+00:00\",\"dateModified\":\"2025-04-06T08:08:09+00:00\",\"breadcrumb\":{\"@id\":\"https:\/\/vinum-distribution.it\/it\/enoteca\/#breadcrumb\"},\"inLanguage\":\"it-IT\",\"potentialAction\":[{\"@type\":\"ReadAction\",\"target\":[\"https:\/\/vinum-distribution.it\/it\/enoteca\/\"]}]},{\"@type\":\"ImageObject\",\"inLanguage\":\"it-IT\",\"@id\":\"https:\/\/vinum-distribution.it\/it\/enoteca\/#primaryimage\",\"url\":\"https:\/\/vinum-distribution.it\/wp-content\/uploads\/Vinum-Part-III-102.jpg\",\"contentUrl\":\"https:\/\/vinum-distribution.it\/wp-content\/uploads\/Vinum-Part-III-102.jpg\"},{\"@type\":\"BreadcrumbList\",\"@id\":\"https:\/\/vinum-distribution.it\/it\/enoteca\/#breadcrumb\",\"itemListElement\":[{\"@type\":\"ListItem\",\"position\":1,\"name\":\"Home\",\"item\":\"https:\/\/vinum-distribution.it\/it\/\"},{\"@type\":\"ListItem\",\"position\":2,\"name\":\"Enoteca\"}]},{\"@type\":\"WebSite\",\"@id\":\"https:\/\/vinum-distribution.it\/it\/#website\",\"url\":\"https:\/\/vinum-distribution.it\/it\/\",\"name\":\"Vinum\",\"description\":\"Weindiele\",\"publisher\":{\"@id\":\"https:\/\/vinum-distribution.it\/it\/#organization\"},\"potentialAction\":[{\"@type\":\"SearchAction\",\"target\":{\"@type\":\"EntryPoint\",\"urlTemplate\":\"https:\/\/vinum-distribution.it\/it\/?s={search_term_string}\"},\"query-input\":{\"@type\":\"PropertyValueSpecification\",\"valueRequired\":true,\"valueName\":\"search_term_string\"}}],\"inLanguage\":\"it-IT\"},{\"@type\":\"Organization\",\"@id\":\"https:\/\/vinum-distribution.it\/it\/#organization\",\"name\":\"Vinum\",\"url\":\"https:\/\/vinum-distribution.it\/it\/\",\"logo\":{\"@type\":\"ImageObject\",\"inLanguage\":\"it-IT\",\"@id\":\"https:\/\/vinum-distribution.it\/it\/#\/schema\/logo\/image\/\",\"url\":\"https:\/\/vinum-distribution.it\/wp-content\/uploads\/vinum-logo.svg\",\"contentUrl\":\"https:\/\/vinum-distribution.it\/wp-content\/uploads\/vinum-logo.svg\",\"width\":225,\"height\":77,\"caption\":\"Vinum\"},\"image\":{\"@id\":\"https:\/\/vinum-distribution.it\/it\/#\/schema\/logo\/image\/\"},\"sameAs\":[\"https:\/\/www.facebook.com\/vinumitaly\",\"https:\/\/www.instagram.com\/vinum.italy\/\"]}]}<\/script>\n<!-- \/ Yoast SEO plugin. -->","yoast_head_json":{"title":"Enoteca - Vinum S\u00fcdtirol","robots":{"index":"index","follow":"follow","max-snippet":"max-snippet:-1","max-image-preview":"max-image-preview:large","max-video-preview":"max-video-preview:-1"},"canonical":"https:\/\/vinum-distribution.it\/it\/enoteca\/","og_locale":"it_IT","og_type":"article","og_title":"Enoteca - Vinum S\u00fcdtirol","og_description":"Enoteca Indirizzo:Via Brennero 2839100 Bolzano Orari di apertura: Dal luned\u00ec al venerd\u00ec: 9:00 &#8211; 18:00 Contatto: info@vinum.it T. +39 0471 061620","og_url":"https:\/\/vinum-distribution.it\/it\/enoteca\/","og_site_name":"Vinum S\u00fcdtirol","article_publisher":"https:\/\/www.facebook.com\/vinumitaly","article_modified_time":"2025-04-06T08:08:09+00:00","og_image":[{"width":2560,"height":1707,"url":"https:\/\/vinum-distribution.it\/wp-content\/uploads\/Vinum-Part-III-102.jpg","type":"image\/jpeg"}],"twitter_card":"summary_large_image","twitter_misc":{"Tempo di lettura stimato":"1 minuto"},"schema":{"@context":"https:\/\/schema.org","@graph":[{"@type":"WebPage","@id":"https:\/\/vinum-distribution.it\/it\/enoteca\/","url":"https:\/\/vinum-distribution.it\/it\/enoteca\/","name":"Enoteca - Vinum S\u00fcdtirol","isPartOf":{"@id":"https:\/\/vinum-distribution.it\/it\/#website"},"primaryImageOfPage":{"@id":"https:\/\/vinum-distribution.it\/it\/enoteca\/#primaryimage"},"image":{"@id":"https:\/\/vinum-distribution.it\/it\/enoteca\/#primaryimage"},"thumbnailUrl":"https:\/\/vinum-distribution.it\/wp-content\/uploads\/Vinum-Part-III-102.jpg","datePublished":"2024-07-10T15:08:48+00:00","dateModified":"2025-04-06T08:08:09+00:00","breadcrumb":{"@id":"https:\/\/vinum-distribution.it\/it\/enoteca\/#breadcrumb"},"inLanguage":"it-IT","potentialAction":[{"@type":"ReadAction","target":["https:\/\/vinum-distribution.it\/it\/enoteca\/"]}]},{"@type":"ImageObject","inLanguage":"it-IT","@id":"https:\/\/vinum-distribution.it\/it\/enoteca\/#primaryimage","url":"https:\/\/vinum-distribution.it\/wp-content\/uploads\/Vinum-Part-III-102.jpg","contentUrl":"https:\/\/vinum-distribution.it\/wp-content\/uploads\/Vinum-Part-III-102.jpg"},{"@type":"BreadcrumbList","@id":"https:\/\/vinum-distribution.it\/it\/enoteca\/#breadcrumb","itemListElement":[{"@type":"ListItem","position":1,"name":"Home","item":"https:\/\/vinum-distribution.it\/it\/"},{"@type":"ListItem","position":2,"name":"Enoteca"}]},{"@type":"WebSite","@id":"https:\/\/vinum-distribution.it\/it\/#website","url":"https:\/\/vinum-distribution.it\/it\/","name":"Vinum","description":"Weindiele","publisher":{"@id":"https:\/\/vinum-distribution.it\/it\/#organization"},"potentialAction":[{"@type":"SearchAction","target":{"@type":"EntryPoint","urlTemplate":"https:\/\/vinum-distribution.it\/it\/?s={search_term_string}"},"query-input":{"@type":"PropertyValueSpecification","valueRequired":true,"valueName":"search_term_string"}}],"inLanguage":"it-IT"},{"@type":"Organization","@id":"https:\/\/vinum-distribution.it\/it\/#organization","name":"Vinum","url":"https:\/\/vinum-distribution.it\/it\/","logo":{"@type":"ImageObject","inLanguage":"it-IT","@id":"https:\/\/vinum-distribution.it\/it\/#\/schema\/logo\/image\/","url":"https:\/\/vinum-distribution.it\/wp-content\/uploads\/vinum-logo.svg","contentUrl":"https:\/\/vinum-distribution.it\/wp-content\/uploads\/vinum-logo.svg","width":225,"height":77,"caption":"Vinum"},"image":{"@id":"https:\/\/vinum-distribution.it\/it\/#\/schema\/logo\/image\/"},"sameAs":["https:\/\/www.facebook.com\/vinumitaly","https:\/\/www.instagram.com\/vinum.italy\/"]}]}},"_links":{"self":[{"href":"https:\/\/vinum-distribution.it\/it\/wp-json\/wp\/v2\/pages\/10618"}],"collection":[{"href":"https:\/\/vinum-distribution.it\/it\/wp-json\/wp\/v2\/pages"}],"about":[{"href":"https:\/\/vinum-distribution.it\/it\/wp-json\/wp\/v2\/types\/page"}],"author":[{"embeddable":true,"href":"https:\/\/vinum-distribution.it\/it\/wp-json\/wp\/v2\/users\/2"}],"replies":[{"embeddable":true,"href":"https:\/\/vinum-distribution.it\/it\/wp-json\/wp\/v2\/comments?post=10618"}],"version-history":[{"count":4,"href":"https:\/\/vinum-distribution.it\/it\/wp-json\/wp\/v2\/pages\/10618\/revisions"}],"predecessor-version":[{"id":10622,"href":"https:\/\/vinum-distribution.it\/it\/wp-json\/wp\/v2\/pages\/10618\/revisions\/10622"}],"wp:attachment":[{"href":"https:\/\/vinum-distribution.it\/it\/wp-json\/wp\/v2\/media?parent=10618"}],"curies":[{"name":"wp","href":"https:\/\/api.w.org\/{rel}","templated":true}]}}